{"id":151323,"date":"2019-04-25T10:37:49","date_gmt":"2019-04-25T08:37:49","guid":{"rendered":"https:\/\/www.casinowings.com\/se\/blackjack\/"},"modified":"2026-03-06T13:50:28","modified_gmt":"2026-03-06T12:50:28","slug":"blackjack","status":"publish","type":"page","link":"https:\/\/www.casinowings.com\/se\/blackjack\/","title":{"rendered":"Blackjack online:S\u00e5 spelar du blackjack p\u00e5 n\u00e4tet"},"content":{"rendered":"","protected":false},"excerpt":{"rendered":"","protected":false},"author":15,"featured_media":0,"parent":0,"menu_order":0,"comment_status":"closed","ping_status":"closed","template":"","meta":{"_acf_changed":false,"_seopress_robots_primary_cat":"","_seopress_titles_title":"Blackjack regler online: Komplett guide & strategi 2026","_seopress_titles_desc":"Blackjack p\u00e5 n\u00e4tet \u00e4r b\u00e5de kul och sp\u00e4nnande. Se v\u00e5r blackjack guide, hitta casinon och spela med en v\u00e4lkomstbonus. L\u00e4s mer h\u00e4r.","_seopress_robots_index":"","footnotes":""},"acf":[],"_links":{"self":[{"href":"https:\/\/www.casinowings.com\/se\/wp-json\/wp\/v2\/pages\/151323"}],"collection":[{"href":"https:\/\/www.casinowings.com\/se\/wp-json\/wp\/v2\/pages"}],"about":[{"href":"https:\/\/www.casinowings.com\/se\/wp-json\/wp\/v2\/types\/page"}],"author":[{"embeddable":true,"href":"https:\/\/www.casinowings.com\/se\/wp-json\/wp\/v2\/users\/15"}],"replies":[{"embeddable":true,"href":"https:\/\/www.casinowings.com\/se\/wp-json\/wp\/v2\/comments?post=151323"}],"version-history":[{"count":3,"href":"https:\/\/www.casinowings.com\/se\/wp-json\/wp\/v2\/pages\/151323\/revisions"}],"predecessor-version":[{"id":151827,"href":"https:\/\/www.casinowings.com\/se\/wp-json\/wp\/v2\/pages\/151323\/revisions\/151827"}],"wp:attachment":[{"href":"https:\/\/www.casinowings.com\/se\/wp-json\/wp\/v2\/media?parent=151323"}],"curies":[{"name":"wp","href":"https:\/\/api.w.org\/{rel}","templated":true}]}}