{"id":151324,"date":"2019-04-25T11:25:37","date_gmt":"2019-04-25T09:25:37","guid":{"rendered":"https:\/\/www.casinowings.com\/se\/bonus-utan-omsattningskrav\/"},"modified":"2026-03-06T12:21:56","modified_gmt":"2026-03-06T11:21:56","slug":"bonus-utan-omsattningskrav","status":"publish","type":"page","link":"https:\/\/www.casinowings.com\/se\/bonus-utan-omsattningskrav\/","title":{"rendered":"Casino utan oms\u00e4ttningskrav 2026:Hitta alla i listan"},"content":{"rendered":"","protected":false},"excerpt":{"rendered":"","protected":false},"author":15,"featured_media":0,"parent":0,"menu_order":0,"comment_status":"closed","ping_status":"closed","template":"","meta":{"_acf_changed":false,"_seopress_robots_primary_cat":"","_seopress_titles_title":"Casino utan oms\u00e4ttningskrav 2026 | Uppdaterad lista | Casinowings.se","_seopress_titles_desc":"Letar du efter casino utan oms\u00e4ttningskrav? Vi listar bonus utan oms\u00e4ttning med upp till 100 free spins utan krav p\u00e5 genomspelning. L\u00e4s mer.","_seopress_robots_index":"","footnotes":""},"acf":[],"_links":{"self":[{"href":"https:\/\/www.casinowings.com\/se\/wp-json\/wp\/v2\/pages\/151324"}],"collection":[{"href":"https:\/\/www.casinowings.com\/se\/wp-json\/wp\/v2\/pages"}],"about":[{"href":"https:\/\/www.casinowings.com\/se\/wp-json\/wp\/v2\/types\/page"}],"author":[{"embeddable":true,"href":"https:\/\/www.casinowings.com\/se\/wp-json\/wp\/v2\/users\/15"}],"replies":[{"embeddable":true,"href":"https:\/\/www.casinowings.com\/se\/wp-json\/wp\/v2\/comments?post=151324"}],"version-history":[{"count":2,"href":"https:\/\/www.casinowings.com\/se\/wp-json\/wp\/v2\/pages\/151324\/revisions"}],"predecessor-version":[{"id":151749,"href":"https:\/\/www.casinowings.com\/se\/wp-json\/wp\/v2\/pages\/151324\/revisions\/151749"}],"wp:attachment":[{"href":"https:\/\/www.casinowings.com\/se\/wp-json\/wp\/v2\/media?parent=151324"}],"curies":[{"name":"wp","href":"https:\/\/api.w.org\/{rel}","templated":true}]}}