{"id":151325,"date":"2024-11-18T10:48:36","date_gmt":"2024-11-18T09:48:36","guid":{"rendered":"https:\/\/www.casinowings.com\/se\/cashback-casino\/"},"modified":"2026-03-06T13:04:27","modified_gmt":"2026-03-06T12:04:27","slug":"cashback-casino","status":"publish","type":"page","link":"https:\/\/www.casinowings.com\/se\/cashback-casino\/","title":{"rendered":"Cashback casino \u2013 Hitta b\u00e4sta cashback bonusar"},"content":{"rendered":"","protected":false},"excerpt":{"rendered":"","protected":false},"author":15,"featured_media":0,"parent":0,"menu_order":0,"comment_status":"closed","ping_status":"closed","template":"","meta":{"_acf_changed":false,"_seopress_robots_primary_cat":"","_seopress_titles_title":"Cashback casino 2026 | B\u00e4sta cashback bonusar","_seopress_titles_desc":"P\u00e5 ett cashback casino f\u00e5r du pengarna tillbaka. L\u00e4s mer om var du hittar en cashback, och hur de fungerar.","_seopress_robots_index":"","footnotes":""},"acf":[],"_links":{"self":[{"href":"https:\/\/www.casinowings.com\/se\/wp-json\/wp\/v2\/pages\/151325"}],"collection":[{"href":"https:\/\/www.casinowings.com\/se\/wp-json\/wp\/v2\/pages"}],"about":[{"href":"https:\/\/www.casinowings.com\/se\/wp-json\/wp\/v2\/types\/page"}],"author":[{"embeddable":true,"href":"https:\/\/www.casinowings.com\/se\/wp-json\/wp\/v2\/users\/15"}],"replies":[{"embeddable":true,"href":"https:\/\/www.casinowings.com\/se\/wp-json\/wp\/v2\/comments?post=151325"}],"version-history":[{"count":2,"href":"https:\/\/www.casinowings.com\/se\/wp-json\/wp\/v2\/pages\/151325\/revisions"}],"predecessor-version":[{"id":151775,"href":"https:\/\/www.casinowings.com\/se\/wp-json\/wp\/v2\/pages\/151325\/revisions\/151775"}],"wp:attachment":[{"href":"https:\/\/www.casinowings.com\/se\/wp-json\/wp\/v2\/media?parent=151325"}],"curies":[{"name":"wp","href":"https:\/\/api.w.org\/{rel}","templated":true}]}}