{"id":151326,"date":"2019-04-25T12:51:51","date_gmt":"2019-04-25T10:51:51","guid":{"rendered":"https:\/\/www.casinowings.com\/se\/casino-bonus\/"},"modified":"2026-03-06T12:37:30","modified_gmt":"2026-03-06T11:37:30","slug":"casino-bonus","status":"publish","type":"page","link":"https:\/\/www.casinowings.com\/se\/casino-bonus\/","title":{"rendered":"Casino bonus 2026:Hitta b\u00e4sta casinobonusar i Sverige"},"content":{"rendered":"","protected":false},"excerpt":{"rendered":"","protected":false},"author":15,"featured_media":0,"parent":0,"menu_order":0,"comment_status":"closed","ping_status":"closed","template":"","meta":{"_acf_changed":false,"_seopress_robots_primary_cat":"","_seopress_titles_title":"Casino bonus | J\u00e4mf\u00f6r Sveriges b\u00e4sta casino bonusar 2026","_seopress_titles_desc":"F\u00e5 mer f\u00f6r pengarna med Sveriges hetaste casino bonusar! J\u00e4mf\u00f6r v\u00e4lkomstbonusar, kampanjer & free spins fr\u00e5n topprankade casinon.","_seopress_robots_index":"","footnotes":""},"acf":[],"_links":{"self":[{"href":"https:\/\/www.casinowings.com\/se\/wp-json\/wp\/v2\/pages\/151326"}],"collection":[{"href":"https:\/\/www.casinowings.com\/se\/wp-json\/wp\/v2\/pages"}],"about":[{"href":"https:\/\/www.casinowings.com\/se\/wp-json\/wp\/v2\/types\/page"}],"author":[{"embeddable":true,"href":"https:\/\/www.casinowings.com\/se\/wp-json\/wp\/v2\/users\/15"}],"replies":[{"embeddable":true,"href":"https:\/\/www.casinowings.com\/se\/wp-json\/wp\/v2\/comments?post=151326"}],"version-history":[{"count":2,"href":"https:\/\/www.casinowings.com\/se\/wp-json\/wp\/v2\/pages\/151326\/revisions"}],"predecessor-version":[{"id":151760,"href":"https:\/\/www.casinowings.com\/se\/wp-json\/wp\/v2\/pages\/151326\/revisions\/151760"}],"wp:attachment":[{"href":"https:\/\/www.casinowings.com\/se\/wp-json\/wp\/v2\/media?parent=151326"}],"curies":[{"name":"wp","href":"https:\/\/api.w.org\/{rel}","templated":true}]}}