{"id":151327,"date":"2025-11-17T07:56:50","date_gmt":"2025-11-17T06:56:50","guid":{"rendered":"https:\/\/www.casinowings.com\/se\/black-friday\/"},"modified":"2026-02-19T10:55:12","modified_gmt":"2026-02-19T09:55:12","slug":"black-friday","status":"publish","type":"page","link":"https:\/\/www.casinowings.com\/se\/casino-bonus\/black-friday\/","title":{"rendered":"Black Friday p\u00e5 casino 2026"},"content":{"rendered":"","protected":false},"excerpt":{"rendered":"","protected":false},"author":15,"featured_media":0,"parent":151326,"menu_order":0,"comment_status":"closed","ping_status":"closed","template":"","meta":{"_acf_changed":false,"_seopress_robots_primary_cat":"","_seopress_titles_title":"Black Friday p\u00e5 casino 2026: B\u00e4sta bonusar","_seopress_titles_desc":"Hitta \u00e5rets b\u00e4sta kampanjer under Black Friday p\u00e5 casino. J\u00e4mf\u00f6r casinobonusar, free spins och cashback fr\u00e5n svenska licensierade casinon.","_seopress_robots_index":"","footnotes":""},"acf":[],"_links":{"self":[{"href":"https:\/\/www.casinowings.com\/se\/wp-json\/wp\/v2\/pages\/151327"}],"collection":[{"href":"https:\/\/www.casinowings.com\/se\/wp-json\/wp\/v2\/pages"}],"about":[{"href":"https:\/\/www.casinowings.com\/se\/wp-json\/wp\/v2\/types\/page"}],"author":[{"embeddable":true,"href":"https:\/\/www.casinowings.com\/se\/wp-json\/wp\/v2\/users\/15"}],"replies":[{"embeddable":true,"href":"https:\/\/www.casinowings.com\/se\/wp-json\/wp\/v2\/comments?post=151327"}],"version-history":[{"count":1,"href":"https:\/\/www.casinowings.com\/se\/wp-json\/wp\/v2\/pages\/151327\/revisions"}],"predecessor-version":[{"id":151328,"href":"https:\/\/www.casinowings.com\/se\/wp-json\/wp\/v2\/pages\/151327\/revisions\/151328"}],"up":[{"embeddable":true,"href":"https:\/\/www.casinowings.com\/se\/wp-json\/wp\/v2\/pages\/151326"}],"wp:attachment":[{"href":"https:\/\/www.casinowings.com\/se\/wp-json\/wp\/v2\/media?parent=151327"}],"curies":[{"name":"wp","href":"https:\/\/api.w.org\/{rel}","templated":true}]}}