{"id":151329,"date":"2025-08-20T14:55:48","date_gmt":"2025-08-20T12:55:48","guid":{"rendered":"https:\/\/www.casinowings.com\/se\/omsattningskrav\/"},"modified":"2026-02-19T10:55:14","modified_gmt":"2026-02-19T09:55:14","slug":"omsattningskrav","status":"publish","type":"page","link":"https:\/\/www.casinowings.com\/se\/casino-bonus\/omsattningskrav\/","title":{"rendered":"Oms\u00e4ttningskalkylator:Hur fungerar oms\u00e4ttningskrav"},"content":{"rendered":"","protected":false},"excerpt":{"rendered":"","protected":false},"author":17,"featured_media":0,"parent":151326,"menu_order":0,"comment_status":"closed","ping_status":"closed","template":"","meta":{"_acf_changed":false,"_seopress_robots_primary_cat":"","_seopress_titles_title":"Oms\u00e4ttningskalkylator - S\u00e5 fungerar oms\u00e4ttningskrav [GUIDE]","_seopress_titles_desc":"Undvik f\u00e4llorna n\u00e4r du tar en casino bonus! Vi f\u00f6rklarar oms\u00e4ttningskrav steg f\u00f6r steg och visar var du hittar de schysstaste bonusarna 2026.","_seopress_robots_index":"","footnotes":""},"acf":[],"_links":{"self":[{"href":"https:\/\/www.casinowings.com\/se\/wp-json\/wp\/v2\/pages\/151329"}],"collection":[{"href":"https:\/\/www.casinowings.com\/se\/wp-json\/wp\/v2\/pages"}],"about":[{"href":"https:\/\/www.casinowings.com\/se\/wp-json\/wp\/v2\/types\/page"}],"author":[{"embeddable":true,"href":"https:\/\/www.casinowings.com\/se\/wp-json\/wp\/v2\/users\/17"}],"replies":[{"embeddable":true,"href":"https:\/\/www.casinowings.com\/se\/wp-json\/wp\/v2\/comments?post=151329"}],"version-history":[{"count":1,"href":"https:\/\/www.casinowings.com\/se\/wp-json\/wp\/v2\/pages\/151329\/revisions"}],"predecessor-version":[{"id":151330,"href":"https:\/\/www.casinowings.com\/se\/wp-json\/wp\/v2\/pages\/151329\/revisions\/151330"}],"up":[{"embeddable":true,"href":"https:\/\/www.casinowings.com\/se\/wp-json\/wp\/v2\/pages\/151326"}],"wp:attachment":[{"href":"https:\/\/www.casinowings.com\/se\/wp-json\/wp\/v2\/media?parent=151329"}],"curies":[{"name":"wp","href":"https:\/\/api.w.org\/{rel}","templated":true}]}}