{"id":151331,"date":"2019-04-26T09:57:38","date_gmt":"2019-04-26T07:57:38","guid":{"rendered":"https:\/\/www.casinowings.com\/se\/utan\/"},"modified":"2026-03-06T13:35:28","modified_gmt":"2026-03-06T12:35:28","slug":"utan","status":"publish","type":"page","link":"https:\/\/www.casinowings.com\/se\/casino-bonus\/utan\/","title":{"rendered":"Casino utan bonus"},"content":{"rendered":"","protected":false},"excerpt":{"rendered":"","protected":false},"author":15,"featured_media":0,"parent":151326,"menu_order":0,"comment_status":"closed","ping_status":"closed","template":"","meta":{"_acf_changed":false,"_seopress_robots_primary_cat":"","_seopress_titles_title":"Casino utan bonus - Spela friktionsfritt med kontroll: Se lista h\u00e4r!","_seopress_titles_desc":"Spela casino utan bonus - strunta i alla krusiduller runt bonusars oms\u00e4ttningskrav. L\u00e4s om hur spel utan bonus fungerar hos oss!","_seopress_robots_index":"","footnotes":""},"acf":[],"_links":{"self":[{"href":"https:\/\/www.casinowings.com\/se\/wp-json\/wp\/v2\/pages\/151331"}],"collection":[{"href":"https:\/\/www.casinowings.com\/se\/wp-json\/wp\/v2\/pages"}],"about":[{"href":"https:\/\/www.casinowings.com\/se\/wp-json\/wp\/v2\/types\/page"}],"author":[{"embeddable":true,"href":"https:\/\/www.casinowings.com\/se\/wp-json\/wp\/v2\/users\/15"}],"replies":[{"embeddable":true,"href":"https:\/\/www.casinowings.com\/se\/wp-json\/wp\/v2\/comments?post=151331"}],"version-history":[{"count":3,"href":"https:\/\/www.casinowings.com\/se\/wp-json\/wp\/v2\/pages\/151331\/revisions"}],"predecessor-version":[{"id":151811,"href":"https:\/\/www.casinowings.com\/se\/wp-json\/wp\/v2\/pages\/151331\/revisions\/151811"}],"up":[{"embeddable":true,"href":"https:\/\/www.casinowings.com\/se\/wp-json\/wp\/v2\/pages\/151326"}],"wp:attachment":[{"href":"https:\/\/www.casinowings.com\/se\/wp-json\/wp\/v2\/media?parent=151331"}],"curies":[{"name":"wp","href":"https:\/\/api.w.org\/{rel}","templated":true}]}}