{"id":151333,"date":"2024-11-07T14:16:43","date_gmt":"2024-11-07T13:16:43","guid":{"rendered":"https:\/\/www.casinowings.com\/se\/casino-bonus-utan-insattning\/"},"modified":"2026-03-06T12:39:25","modified_gmt":"2026-03-06T11:39:25","slug":"casino-bonus-utan-insattning","status":"publish","type":"page","link":"https:\/\/www.casinowings.com\/se\/casino-bonus-utan-insattning\/","title":{"rendered":"Casino bonus utan ins\u00e4ttning 2026"},"content":{"rendered":"","protected":false},"excerpt":{"rendered":"","protected":false},"author":15,"featured_media":0,"parent":0,"menu_order":0,"comment_status":"closed","ping_status":"closed","template":"","meta":{"_acf_changed":false,"_seopress_robots_primary_cat":"","_seopress_titles_title":"Casino bonus utan ins\u00e4ttning 2026 | Spela utan risk","_seopress_titles_desc":"Bonus utan ins\u00e4ttning kr\u00e4ver ingen ins\u00e4ttning, bara en registrering. En popul\u00e4r bonus som lockar m\u00e5nga spelare. L\u00e4s mer h\u00e4r.","_seopress_robots_index":"","footnotes":""},"acf":[],"_links":{"self":[{"href":"https:\/\/www.casinowings.com\/se\/wp-json\/wp\/v2\/pages\/151333"}],"collection":[{"href":"https:\/\/www.casinowings.com\/se\/wp-json\/wp\/v2\/pages"}],"about":[{"href":"https:\/\/www.casinowings.com\/se\/wp-json\/wp\/v2\/types\/page"}],"author":[{"embeddable":true,"href":"https:\/\/www.casinowings.com\/se\/wp-json\/wp\/v2\/users\/15"}],"replies":[{"embeddable":true,"href":"https:\/\/www.casinowings.com\/se\/wp-json\/wp\/v2\/comments?post=151333"}],"version-history":[{"count":3,"href":"https:\/\/www.casinowings.com\/se\/wp-json\/wp\/v2\/pages\/151333\/revisions"}],"predecessor-version":[{"id":151762,"href":"https:\/\/www.casinowings.com\/se\/wp-json\/wp\/v2\/pages\/151333\/revisions\/151762"}],"wp:attachment":[{"href":"https:\/\/www.casinowings.com\/se\/wp-json\/wp\/v2\/media?parent=151333"}],"curies":[{"name":"wp","href":"https:\/\/api.w.org\/{rel}","templated":true}]}}