{"id":151335,"date":"2024-10-31T09:13:23","date_gmt":"2024-10-31T08:13:23","guid":{"rendered":"https:\/\/www.casinowings.com\/se\/casino-med-hogst-rtp\/"},"modified":"2026-02-19T10:55:22","modified_gmt":"2026-02-19T09:55:22","slug":"casino-med-hogst-rtp","status":"publish","type":"page","link":"https:\/\/www.casinowings.com\/se\/casino-med-hogst-rtp\/","title":{"rendered":"Casino med h\u00f6gst RTP:Vi listar casinon med b\u00e4st \u00e5terbetalning"},"content":{"rendered":"","protected":false},"excerpt":{"rendered":"","protected":false},"author":17,"featured_media":0,"parent":0,"menu_order":0,"comment_status":"closed","ping_status":"closed","template":"","meta":{"_acf_changed":false,"_seopress_robots_primary_cat":"","_seopress_titles_title":"Casinon med h\u00f6gst utdelning 2026 | J\u00e4mf\u00f6r b\u00e4sta casino RTP","_seopress_titles_desc":"Casino med h\u00f6gst RTP - Kolla v\u00e5r topplista och \u00f6ka dina vinstchanser. Vi listar topprankade casinon med b\u00e4st \u00e5terbetalning. L\u00e4s mer.","_seopress_robots_index":"","footnotes":""},"acf":[],"_links":{"self":[{"href":"https:\/\/www.casinowings.com\/se\/wp-json\/wp\/v2\/pages\/151335"}],"collection":[{"href":"https:\/\/www.casinowings.com\/se\/wp-json\/wp\/v2\/pages"}],"about":[{"href":"https:\/\/www.casinowings.com\/se\/wp-json\/wp\/v2\/types\/page"}],"author":[{"embeddable":true,"href":"https:\/\/www.casinowings.com\/se\/wp-json\/wp\/v2\/users\/17"}],"replies":[{"embeddable":true,"href":"https:\/\/www.casinowings.com\/se\/wp-json\/wp\/v2\/comments?post=151335"}],"version-history":[{"count":1,"href":"https:\/\/www.casinowings.com\/se\/wp-json\/wp\/v2\/pages\/151335\/revisions"}],"predecessor-version":[{"id":151456,"href":"https:\/\/www.casinowings.com\/se\/wp-json\/wp\/v2\/pages\/151335\/revisions\/151456"}],"wp:attachment":[{"href":"https:\/\/www.casinowings.com\/se\/wp-json\/wp\/v2\/media?parent=151335"}],"curies":[{"name":"wp","href":"https:\/\/api.w.org\/{rel}","templated":true}]}}