{"id":151336,"date":"2024-11-07T11:06:20","date_gmt":"2024-11-07T10:06:20","guid":{"rendered":"https:\/\/www.casinowings.com\/se\/casino-med-lag-insattning\/"},"modified":"2026-03-06T13:31:52","modified_gmt":"2026-03-06T12:31:52","slug":"casino-med-lag-insattning","status":"publish","type":"page","link":"https:\/\/www.casinowings.com\/se\/casino-med-lag-insattning\/","title":{"rendered":"Casino med l\u00e5g ins\u00e4ttning 2026"},"content":{"rendered":"","protected":false},"excerpt":{"rendered":"","protected":false},"author":15,"featured_media":0,"parent":0,"menu_order":0,"comment_status":"closed","ping_status":"closed","template":"","meta":{"_acf_changed":false,"_seopress_robots_primary_cat":"","_seopress_titles_title":"Casino med l\u00e5g ins\u00e4ttning 2026 | Casino 10 kr, 25 kr & 50 kr","_seopress_titles_desc":"N\u00e4r du vill spela casino med l\u00e5g ins\u00e4ttning har vi all information du beh\u00f6ver. Spela med 10 kr, 25 kr eller 50 kr p\u00e5 svenska casinon. L\u00e4s mer.","_seopress_robots_index":"","footnotes":""},"acf":[],"_links":{"self":[{"href":"https:\/\/www.casinowings.com\/se\/wp-json\/wp\/v2\/pages\/151336"}],"collection":[{"href":"https:\/\/www.casinowings.com\/se\/wp-json\/wp\/v2\/pages"}],"about":[{"href":"https:\/\/www.casinowings.com\/se\/wp-json\/wp\/v2\/types\/page"}],"author":[{"embeddable":true,"href":"https:\/\/www.casinowings.com\/se\/wp-json\/wp\/v2\/users\/15"}],"replies":[{"embeddable":true,"href":"https:\/\/www.casinowings.com\/se\/wp-json\/wp\/v2\/comments?post=151336"}],"version-history":[{"count":3,"href":"https:\/\/www.casinowings.com\/se\/wp-json\/wp\/v2\/pages\/151336\/revisions"}],"predecessor-version":[{"id":151807,"href":"https:\/\/www.casinowings.com\/se\/wp-json\/wp\/v2\/pages\/151336\/revisions\/151807"}],"wp:attachment":[{"href":"https:\/\/www.casinowings.com\/se\/wp-json\/wp\/v2\/media?parent=151336"}],"curies":[{"name":"wp","href":"https:\/\/api.w.org\/{rel}","templated":true}]}}