{"id":151337,"date":"2019-04-26T16:18:33","date_gmt":"2019-04-26T14:18:33","guid":{"rendered":"https:\/\/www.casinowings.com\/se\/casino-med-snabba-uttag\/"},"modified":"2026-03-06T12:33:09","modified_gmt":"2026-03-06T11:33:09","slug":"casino-med-snabba-uttag","status":"publish","type":"page","link":"https:\/\/www.casinowings.com\/se\/casino-med-snabba-uttag\/","title":{"rendered":"Casino snabba uttag 2026: J\u00e4mf\u00f6r casinon med direkta uttag"},"content":{"rendered":"","protected":false},"excerpt":{"rendered":"","protected":false},"author":15,"featured_media":0,"parent":0,"menu_order":0,"comment_status":"closed","ping_status":"closed","template":"","meta":{"_acf_changed":false,"_seopress_robots_primary_cat":"","_seopress_titles_title":"Casino snabba uttag: J\u00e4mf\u00f6r snabba uttag casinon 2026","_seopress_titles_desc":"V\u00e4lj ett casino med snabba uttag och slipp kr\u00e5ngel. Vi har listat alla casinon som erbjuder utbetalningar inom 5 minuter. J\u00e4mf\u00f6r casino direkt uttag tider h\u00e4r!","_seopress_robots_index":"","footnotes":""},"acf":[],"_links":{"self":[{"href":"https:\/\/www.casinowings.com\/se\/wp-json\/wp\/v2\/pages\/151337"}],"collection":[{"href":"https:\/\/www.casinowings.com\/se\/wp-json\/wp\/v2\/pages"}],"about":[{"href":"https:\/\/www.casinowings.com\/se\/wp-json\/wp\/v2\/types\/page"}],"author":[{"embeddable":true,"href":"https:\/\/www.casinowings.com\/se\/wp-json\/wp\/v2\/users\/15"}],"replies":[{"embeddable":true,"href":"https:\/\/www.casinowings.com\/se\/wp-json\/wp\/v2\/comments?post=151337"}],"version-history":[{"count":5,"href":"https:\/\/www.casinowings.com\/se\/wp-json\/wp\/v2\/pages\/151337\/revisions"}],"predecessor-version":[{"id":151757,"href":"https:\/\/www.casinowings.com\/se\/wp-json\/wp\/v2\/pages\/151337\/revisions\/151757"}],"wp:attachment":[{"href":"https:\/\/www.casinowings.com\/se\/wp-json\/wp\/v2\/media?parent=151337"}],"curies":[{"name":"wp","href":"https:\/\/api.w.org\/{rel}","templated":true}]}}