{"id":151338,"date":"2019-05-21T16:31:06","date_gmt":"2019-05-21T14:31:06","guid":{"rendered":"https:\/\/www.casinowings.com\/se\/casino-utan-konto\/"},"modified":"2026-03-06T12:20:44","modified_gmt":"2026-03-06T11:20:44","slug":"casino-utan-konto","status":"publish","type":"page","link":"https:\/\/www.casinowings.com\/se\/casino-utan-konto\/","title":{"rendered":"Casino utan konto"},"content":{"rendered":"","protected":false},"excerpt":{"rendered":"","protected":false},"author":15,"featured_media":0,"parent":0,"menu_order":0,"comment_status":"closed","ping_status":"closed","template":"","meta":{"_acf_changed":false,"_seopress_robots_primary_cat":"","_seopress_titles_title":"Casino utan konto 2026 | J\u00e4mf\u00f6r och spela utan konto","_seopress_titles_desc":"Spela utan konto p\u00e5 casinon utan registrering. J\u00e4mf\u00f6r alla casinon utan konto och spela utan kr\u00e5ngel idag.","_seopress_robots_index":"","footnotes":""},"acf":[],"_links":{"self":[{"href":"https:\/\/www.casinowings.com\/se\/wp-json\/wp\/v2\/pages\/151338"}],"collection":[{"href":"https:\/\/www.casinowings.com\/se\/wp-json\/wp\/v2\/pages"}],"about":[{"href":"https:\/\/www.casinowings.com\/se\/wp-json\/wp\/v2\/types\/page"}],"author":[{"embeddable":true,"href":"https:\/\/www.casinowings.com\/se\/wp-json\/wp\/v2\/users\/15"}],"replies":[{"embeddable":true,"href":"https:\/\/www.casinowings.com\/se\/wp-json\/wp\/v2\/comments?post=151338"}],"version-history":[{"count":2,"href":"https:\/\/www.casinowings.com\/se\/wp-json\/wp\/v2\/pages\/151338\/revisions"}],"predecessor-version":[{"id":151748,"href":"https:\/\/www.casinowings.com\/se\/wp-json\/wp\/v2\/pages\/151338\/revisions\/151748"}],"wp:attachment":[{"href":"https:\/\/www.casinowings.com\/se\/wp-json\/wp\/v2\/media?parent=151338"}],"curies":[{"name":"wp","href":"https:\/\/api.w.org\/{rel}","templated":true}]}}