{"id":151339,"date":"2025-04-30T09:16:05","date_gmt":"2025-04-30T07:16:05","guid":{"rendered":"https:\/\/www.casinowings.com\/se\/casino-utan-svensk-licens\/"},"modified":"2026-03-06T13:33:48","modified_gmt":"2026-03-06T12:33:48","slug":"casino-utan-svensk-licens","status":"publish","type":"page","link":"https:\/\/www.casinowings.com\/se\/casino-utan-svensk-licens\/","title":{"rendered":"Casino utan svensk licens 2026:D\u00e4rf\u00f6r b\u00f6r du t\u00e4nka om innan du spelar"},"content":{"rendered":"","protected":false},"excerpt":{"rendered":"","protected":false},"author":17,"featured_media":0,"parent":0,"menu_order":0,"comment_status":"closed","ping_status":"closed","template":"","meta":{"_acf_changed":false,"_seopress_robots_primary_cat":"","_seopress_titles_title":"Casino utan svensk licens 2026 \u2013 L\u00e4s detta innan du spelar!","_seopress_titles_desc":"Innan du v\u00e4ljer casino utan svensk licens \u2013 se vad det inneb\u00e4r. Vi guidar dig till trygga, reglerade casinon som h\u00e5ller vad de lovar.","_seopress_robots_index":"","footnotes":""},"acf":[],"_links":{"self":[{"href":"https:\/\/www.casinowings.com\/se\/wp-json\/wp\/v2\/pages\/151339"}],"collection":[{"href":"https:\/\/www.casinowings.com\/se\/wp-json\/wp\/v2\/pages"}],"about":[{"href":"https:\/\/www.casinowings.com\/se\/wp-json\/wp\/v2\/types\/page"}],"author":[{"embeddable":true,"href":"https:\/\/www.casinowings.com\/se\/wp-json\/wp\/v2\/users\/17"}],"replies":[{"embeddable":true,"href":"https:\/\/www.casinowings.com\/se\/wp-json\/wp\/v2\/comments?post=151339"}],"version-history":[{"count":3,"href":"https:\/\/www.casinowings.com\/se\/wp-json\/wp\/v2\/pages\/151339\/revisions"}],"predecessor-version":[{"id":151809,"href":"https:\/\/www.casinowings.com\/se\/wp-json\/wp\/v2\/pages\/151339\/revisions\/151809"}],"wp:attachment":[{"href":"https:\/\/www.casinowings.com\/se\/wp-json\/wp\/v2\/media?parent=151339"}],"curies":[{"name":"wp","href":"https:\/\/api.w.org\/{rel}","templated":true}]}}