{"id":151341,"date":"2019-04-29T11:40:22","date_gmt":"2019-04-29T09:40:22","guid":{"rendered":"https:\/\/www.casinowings.com\/se\/casinon-med-svensk-licens\/"},"modified":"2026-03-06T12:28:16","modified_gmt":"2026-03-06T11:28:16","slug":"casinon-med-svensk-licens","status":"publish","type":"page","link":"https:\/\/www.casinowings.com\/se\/casinon-med-svensk-licens\/","title":{"rendered":"Casinon med svensk licens 2026"},"content":{"rendered":"","protected":false},"excerpt":{"rendered":"","protected":false},"author":15,"featured_media":0,"parent":0,"menu_order":0,"comment_status":"closed","ping_status":"closed","template":"","meta":{"_acf_changed":false,"_seopress_robots_primary_cat":"","_seopress_titles_title":"Casino med svensk licens 2026 - Alla aktiva spellicenser","_seopress_titles_desc":"V\u00e4lj ett casino med svensk licens fr\u00e5n v\u00e5r lista med rekommendationer. Uppt\u00e4ck h\u00f6gt rankade casinon med svensk licens och njut av skattefria vinster!","_seopress_robots_index":"","footnotes":""},"acf":[],"_links":{"self":[{"href":"https:\/\/www.casinowings.com\/se\/wp-json\/wp\/v2\/pages\/151341"}],"collection":[{"href":"https:\/\/www.casinowings.com\/se\/wp-json\/wp\/v2\/pages"}],"about":[{"href":"https:\/\/www.casinowings.com\/se\/wp-json\/wp\/v2\/types\/page"}],"author":[{"embeddable":true,"href":"https:\/\/www.casinowings.com\/se\/wp-json\/wp\/v2\/users\/15"}],"replies":[{"embeddable":true,"href":"https:\/\/www.casinowings.com\/se\/wp-json\/wp\/v2\/comments?post=151341"}],"version-history":[{"count":2,"href":"https:\/\/www.casinowings.com\/se\/wp-json\/wp\/v2\/pages\/151341\/revisions"}],"predecessor-version":[{"id":151753,"href":"https:\/\/www.casinowings.com\/se\/wp-json\/wp\/v2\/pages\/151341\/revisions\/151753"}],"wp:attachment":[{"href":"https:\/\/www.casinowings.com\/se\/wp-json\/wp\/v2\/media?parent=151341"}],"curies":[{"name":"wp","href":"https:\/\/api.w.org\/{rel}","templated":true}]}}