{"id":151342,"date":"2019-04-08T13:13:15","date_gmt":"2019-04-08T11:13:15","guid":{"rendered":"https:\/\/www.casinowings.com\/se\/casinospel\/"},"modified":"2026-03-06T12:49:33","modified_gmt":"2026-03-06T11:49:33","slug":"casinospel","status":"publish","type":"page","link":"https:\/\/www.casinowings.com\/se\/casinospel\/","title":{"rendered":"Spela casinospel 2026:Hitta r\u00e4tt spel f\u00f6r dig"},"content":{"rendered":"","protected":false},"excerpt":{"rendered":"","protected":false},"author":16,"featured_media":0,"parent":0,"menu_order":0,"comment_status":"closed","ping_status":"closed","template":"","meta":{"_acf_changed":false,"_seopress_robots_primary_cat":"","_seopress_titles_title":"Casinospel p\u00e5 n\u00e4tet 2026 - Hitta dina favoritspel online","_seopress_titles_desc":"Uppt\u00e4ck b\u00e4sta casinospel online och l\u00e4r dig hur du hittar dina favoriter. L\u00e4r dig mer om olika spel p\u00e5 n\u00e4tcasinon.","_seopress_robots_index":"","footnotes":""},"acf":[],"_links":{"self":[{"href":"https:\/\/www.casinowings.com\/se\/wp-json\/wp\/v2\/pages\/151342"}],"collection":[{"href":"https:\/\/www.casinowings.com\/se\/wp-json\/wp\/v2\/pages"}],"about":[{"href":"https:\/\/www.casinowings.com\/se\/wp-json\/wp\/v2\/types\/page"}],"author":[{"embeddable":true,"href":"https:\/\/www.casinowings.com\/se\/wp-json\/wp\/v2\/users\/16"}],"replies":[{"embeddable":true,"href":"https:\/\/www.casinowings.com\/se\/wp-json\/wp\/v2\/comments?post=151342"}],"version-history":[{"count":2,"href":"https:\/\/www.casinowings.com\/se\/wp-json\/wp\/v2\/pages\/151342\/revisions"}],"predecessor-version":[{"id":151769,"href":"https:\/\/www.casinowings.com\/se\/wp-json\/wp\/v2\/pages\/151342\/revisions\/151769"}],"wp:attachment":[{"href":"https:\/\/www.casinowings.com\/se\/wp-json\/wp\/v2\/media?parent=151342"}],"curies":[{"name":"wp","href":"https:\/\/api.w.org\/{rel}","templated":true}]}}