{"id":151343,"date":"2019-04-23T14:16:19","date_gmt":"2019-04-23T12:16:19","guid":{"rendered":"https:\/\/www.casinowings.com\/se\/bingo-pa-natet\/"},"modified":"2026-03-06T13:29:52","modified_gmt":"2026-03-06T12:29:52","slug":"bingo-pa-natet","status":"publish","type":"page","link":"https:\/\/www.casinowings.com\/se\/casinospel\/bingo-pa-natet\/","title":{"rendered":"Bingo p\u00e5 n\u00e4tet"},"content":{"rendered":"","protected":false},"excerpt":{"rendered":"","protected":false},"author":16,"featured_media":0,"parent":151342,"menu_order":0,"comment_status":"closed","ping_status":"closed","template":"","meta":{"_acf_changed":false,"_seopress_robots_primary_cat":"","_seopress_titles_title":"Bingo p\u00e5 n\u00e4tet - Guide & topplista med b\u00e4st bingo online 2026","_seopress_titles_desc":"Bingo p\u00e5 n\u00e4tet \u00e4r b\u00e5de kul och enkelt! Hos CasinoWings f\u00f6rklarar vi grunderna i online bingo och hj\u00e4lper dig att hitta de b\u00e4sta bingosidorna!","_seopress_robots_index":"","footnotes":""},"acf":[],"_links":{"self":[{"href":"https:\/\/www.casinowings.com\/se\/wp-json\/wp\/v2\/pages\/151343"}],"collection":[{"href":"https:\/\/www.casinowings.com\/se\/wp-json\/wp\/v2\/pages"}],"about":[{"href":"https:\/\/www.casinowings.com\/se\/wp-json\/wp\/v2\/types\/page"}],"author":[{"embeddable":true,"href":"https:\/\/www.casinowings.com\/se\/wp-json\/wp\/v2\/users\/16"}],"replies":[{"embeddable":true,"href":"https:\/\/www.casinowings.com\/se\/wp-json\/wp\/v2\/comments?post=151343"}],"version-history":[{"count":3,"href":"https:\/\/www.casinowings.com\/se\/wp-json\/wp\/v2\/pages\/151343\/revisions"}],"predecessor-version":[{"id":151803,"href":"https:\/\/www.casinowings.com\/se\/wp-json\/wp\/v2\/pages\/151343\/revisions\/151803"}],"up":[{"embeddable":true,"href":"https:\/\/www.casinowings.com\/se\/wp-json\/wp\/v2\/pages\/151342"}],"wp:attachment":[{"href":"https:\/\/www.casinowings.com\/se\/wp-json\/wp\/v2\/media?parent=151343"}],"curies":[{"name":"wp","href":"https:\/\/api.w.org\/{rel}","templated":true}]}}