{"id":151347,"date":"2025-03-25T07:14:36","date_gmt":"2025-03-25T06:14:36","guid":{"rendered":"https:\/\/www.casinowings.com\/se\/keno\/"},"modified":"2026-03-06T13:49:10","modified_gmt":"2026-03-06T12:49:10","slug":"keno","status":"publish","type":"page","link":"https:\/\/www.casinowings.com\/se\/casinospel\/keno\/","title":{"rendered":"Keno: Hitta b\u00e4sta Keno casinon 2026"},"content":{"rendered":"","protected":false},"excerpt":{"rendered":"","protected":false},"author":16,"featured_media":0,"parent":151342,"menu_order":0,"comment_status":"closed","ping_status":"closed","template":"","meta":{"_acf_changed":false,"_seopress_robots_primary_cat":"","_seopress_titles_title":"Keno | Hitta b\u00e4sta Keno casinon online 2026","_seopress_titles_desc":"L\u00e4r dig spela Keno p\u00e5 n\u00e4tet och hitta b\u00e4sta Keno casinon i Sverige med oss. CasinoWings guidar dig och ger dig tipsen du beh\u00f6ver. L\u00e4s mer.","_seopress_robots_index":"","footnotes":""},"acf":[],"_links":{"self":[{"href":"https:\/\/www.casinowings.com\/se\/wp-json\/wp\/v2\/pages\/151347"}],"collection":[{"href":"https:\/\/www.casinowings.com\/se\/wp-json\/wp\/v2\/pages"}],"about":[{"href":"https:\/\/www.casinowings.com\/se\/wp-json\/wp\/v2\/types\/page"}],"author":[{"embeddable":true,"href":"https:\/\/www.casinowings.com\/se\/wp-json\/wp\/v2\/users\/16"}],"replies":[{"embeddable":true,"href":"https:\/\/www.casinowings.com\/se\/wp-json\/wp\/v2\/comments?post=151347"}],"version-history":[{"count":3,"href":"https:\/\/www.casinowings.com\/se\/wp-json\/wp\/v2\/pages\/151347\/revisions"}],"predecessor-version":[{"id":151824,"href":"https:\/\/www.casinowings.com\/se\/wp-json\/wp\/v2\/pages\/151347\/revisions\/151824"}],"up":[{"embeddable":true,"href":"https:\/\/www.casinowings.com\/se\/wp-json\/wp\/v2\/pages\/151342"}],"wp:attachment":[{"href":"https:\/\/www.casinowings.com\/se\/wp-json\/wp\/v2\/media?parent=151347"}],"curies":[{"name":"wp","href":"https:\/\/api.w.org\/{rel}","templated":true}]}}