{"id":151349,"date":"2025-03-26T11:55:58","date_gmt":"2025-03-26T10:55:58","guid":{"rendered":"https:\/\/www.casinowings.com\/se\/poker\/"},"modified":"2026-03-06T13:51:22","modified_gmt":"2026-03-06T12:51:22","slug":"poker","status":"publish","type":"page","link":"https:\/\/www.casinowings.com\/se\/casinospel\/poker\/","title":{"rendered":"Poker: L\u00e4r dig allt om online poker"},"content":{"rendered":"","protected":false},"excerpt":{"rendered":"","protected":false},"author":16,"featured_media":0,"parent":151342,"menu_order":0,"comment_status":"closed","ping_status":"closed","template":"","meta":{"_acf_changed":false,"_seopress_robots_primary_cat":"","_seopress_titles_title":"Poker p\u00e5 n\u00e4tet 2026 | Sveriges b\u00e4sta online pokersidor","_seopress_titles_desc":"L\u00e4r dig mer om online poker och hitta b\u00e4sta poker casinon i Sverige. Vi har uppdaterad lista p\u00e5 spelsidor och experttipsen! L\u00e4s mer.","_seopress_robots_index":"","footnotes":""},"acf":[],"_links":{"self":[{"href":"https:\/\/www.casinowings.com\/se\/wp-json\/wp\/v2\/pages\/151349"}],"collection":[{"href":"https:\/\/www.casinowings.com\/se\/wp-json\/wp\/v2\/pages"}],"about":[{"href":"https:\/\/www.casinowings.com\/se\/wp-json\/wp\/v2\/types\/page"}],"author":[{"embeddable":true,"href":"https:\/\/www.casinowings.com\/se\/wp-json\/wp\/v2\/users\/16"}],"replies":[{"embeddable":true,"href":"https:\/\/www.casinowings.com\/se\/wp-json\/wp\/v2\/comments?post=151349"}],"version-history":[{"count":3,"href":"https:\/\/www.casinowings.com\/se\/wp-json\/wp\/v2\/pages\/151349\/revisions"}],"predecessor-version":[{"id":151829,"href":"https:\/\/www.casinowings.com\/se\/wp-json\/wp\/v2\/pages\/151349\/revisions\/151829"}],"up":[{"embeddable":true,"href":"https:\/\/www.casinowings.com\/se\/wp-json\/wp\/v2\/pages\/151342"}],"wp:attachment":[{"href":"https:\/\/www.casinowings.com\/se\/wp-json\/wp\/v2\/media?parent=151349"}],"curies":[{"name":"wp","href":"https:\/\/api.w.org\/{rel}","templated":true}]}}