{"id":151351,"date":"2019-05-02T15:47:25","date_gmt":"2019-05-02T13:47:25","guid":{"rendered":"https:\/\/www.casinowings.com\/se\/roulette\/"},"modified":"2026-03-06T12:43:35","modified_gmt":"2026-03-06T11:43:35","slug":"roulette","status":"publish","type":"page","link":"https:\/\/www.casinowings.com\/se\/casinospel\/roulette\/","title":{"rendered":"Roulette online:S\u00e5 h\u00e4r spelar du roulette"},"content":{"rendered":"","protected":false},"excerpt":{"rendered":"","protected":false},"author":16,"featured_media":0,"parent":151342,"menu_order":0,"comment_status":"closed","ping_status":"closed","template":"","meta":{"_acf_changed":false,"_seopress_robots_primary_cat":"","_seopress_titles_title":"Roulette - Enkel guide f\u00f6r dig som vill spela roulette online 2026","_seopress_titles_desc":"Roulette \u00e4r en riktig klassiker som vi \u00e4lskar. I v\u00e5r guide f\u00e5r du grunderna i hur du spelar roulette online. L\u00e4s mer h\u00e4r.","_seopress_robots_index":"","footnotes":""},"acf":[],"_links":{"self":[{"href":"https:\/\/www.casinowings.com\/se\/wp-json\/wp\/v2\/pages\/151351"}],"collection":[{"href":"https:\/\/www.casinowings.com\/se\/wp-json\/wp\/v2\/pages"}],"about":[{"href":"https:\/\/www.casinowings.com\/se\/wp-json\/wp\/v2\/types\/page"}],"author":[{"embeddable":true,"href":"https:\/\/www.casinowings.com\/se\/wp-json\/wp\/v2\/users\/16"}],"replies":[{"embeddable":true,"href":"https:\/\/www.casinowings.com\/se\/wp-json\/wp\/v2\/comments?post=151351"}],"version-history":[{"count":2,"href":"https:\/\/www.casinowings.com\/se\/wp-json\/wp\/v2\/pages\/151351\/revisions"}],"predecessor-version":[{"id":151765,"href":"https:\/\/www.casinowings.com\/se\/wp-json\/wp\/v2\/pages\/151351\/revisions\/151765"}],"up":[{"embeddable":true,"href":"https:\/\/www.casinowings.com\/se\/wp-json\/wp\/v2\/pages\/151342"}],"wp:attachment":[{"href":"https:\/\/www.casinowings.com\/se\/wp-json\/wp\/v2\/media?parent=151351"}],"curies":[{"name":"wp","href":"https:\/\/api.w.org\/{rel}","templated":true}]}}