{"id":151353,"date":"2019-01-03T14:15:45","date_gmt":"2019-01-03T13:15:45","guid":{"rendered":"https:\/\/www.casinowings.com\/se\/datahantering\/"},"modified":"2026-02-19T10:55:47","modified_gmt":"2026-02-19T09:55:47","slug":"datahantering","status":"publish","type":"page","link":"https:\/\/www.casinowings.com\/se\/datahantering\/","title":{"rendered":"Traffic Lab ApS policy f\u00f6r datahantering och cookies"},"content":{"rendered":"","protected":false},"excerpt":{"rendered":"","protected":false},"author":17,"featured_media":0,"parent":0,"menu_order":0,"comment_status":"closed","ping_status":"closed","template":"","meta":{"_acf_changed":false,"_seopress_robots_primary_cat":"","_seopress_titles_title":"Datahantering och cookies - S\u00e5 h\u00e4r fungerar webbplatsen","_seopress_titles_desc":"H\u00e4r hittar du allt om hur v\u00e5r sajt fungerar kring datahantering och cookies. Vi listar bland annat information kring vilken typ av data vi l\u00e4ser av.","_seopress_robots_index":"","footnotes":""},"acf":[],"_links":{"self":[{"href":"https:\/\/www.casinowings.com\/se\/wp-json\/wp\/v2\/pages\/151353"}],"collection":[{"href":"https:\/\/www.casinowings.com\/se\/wp-json\/wp\/v2\/pages"}],"about":[{"href":"https:\/\/www.casinowings.com\/se\/wp-json\/wp\/v2\/types\/page"}],"author":[{"embeddable":true,"href":"https:\/\/www.casinowings.com\/se\/wp-json\/wp\/v2\/users\/17"}],"replies":[{"embeddable":true,"href":"https:\/\/www.casinowings.com\/se\/wp-json\/wp\/v2\/comments?post=151353"}],"version-history":[{"count":1,"href":"https:\/\/www.casinowings.com\/se\/wp-json\/wp\/v2\/pages\/151353\/revisions"}],"predecessor-version":[{"id":151464,"href":"https:\/\/www.casinowings.com\/se\/wp-json\/wp\/v2\/pages\/151353\/revisions\/151464"}],"wp:attachment":[{"href":"https:\/\/www.casinowings.com\/se\/wp-json\/wp\/v2\/media?parent=151353"}],"curies":[{"name":"wp","href":"https:\/\/api.w.org\/{rel}","templated":true}]}}