{"id":151354,"date":"2019-04-29T12:23:05","date_gmt":"2019-04-29T10:23:05","guid":{"rendered":"https:\/\/www.casinowings.com\/se\/free-spins\/"},"modified":"2026-03-06T12:39:36","modified_gmt":"2026-03-06T11:39:36","slug":"free-spins","status":"publish","type":"page","link":"https:\/\/www.casinowings.com\/se\/free-spins\/","title":{"rendered":"Free spins: B\u00e4st casinon med gratis snurr"},"content":{"rendered":"","protected":false},"excerpt":{"rendered":"","protected":false},"author":15,"featured_media":0,"parent":0,"menu_order":0,"comment_status":"closed","ping_status":"closed","template":"","meta":{"_acf_changed":false,"_seopress_robots_primary_cat":"","_seopress_titles_title":"Free Spins 2026 - Stor topplista med 100+ freespins idag","_seopress_titles_desc":"Dagens b\u00e4sta free spins hittar du enkelt och snabbt i v\u00e5r stora lista. Listan uppdateras regelbundet med freespins fr\u00e5n godk\u00e4nda casinon i Sverige!","_seopress_robots_index":"","footnotes":""},"acf":[],"_links":{"self":[{"href":"https:\/\/www.casinowings.com\/se\/wp-json\/wp\/v2\/pages\/151354"}],"collection":[{"href":"https:\/\/www.casinowings.com\/se\/wp-json\/wp\/v2\/pages"}],"about":[{"href":"https:\/\/www.casinowings.com\/se\/wp-json\/wp\/v2\/types\/page"}],"author":[{"embeddable":true,"href":"https:\/\/www.casinowings.com\/se\/wp-json\/wp\/v2\/users\/15"}],"replies":[{"embeddable":true,"href":"https:\/\/www.casinowings.com\/se\/wp-json\/wp\/v2\/comments?post=151354"}],"version-history":[{"count":3,"href":"https:\/\/www.casinowings.com\/se\/wp-json\/wp\/v2\/pages\/151354\/revisions"}],"predecessor-version":[{"id":151763,"href":"https:\/\/www.casinowings.com\/se\/wp-json\/wp\/v2\/pages\/151354\/revisions\/151763"}],"wp:attachment":[{"href":"https:\/\/www.casinowings.com\/se\/wp-json\/wp\/v2\/media?parent=151354"}],"curies":[{"name":"wp","href":"https:\/\/api.w.org\/{rel}","templated":true}]}}