{"id":151356,"date":"2019-04-23T13:17:07","date_gmt":"2019-04-23T11:17:07","guid":{"rendered":"https:\/\/www.casinowings.com\/se\/guide\/"},"modified":"2026-02-19T10:55:52","modified_gmt":"2026-02-19T09:55:52","slug":"guide","status":"publish","type":"page","link":"https:\/\/www.casinowings.com\/se\/guide\/","title":{"rendered":"Casinoguider 2026"},"content":{"rendered":"","protected":false},"excerpt":{"rendered":"","protected":false},"author":15,"featured_media":0,"parent":0,"menu_order":0,"comment_status":"closed","ping_status":"closed","template":"","meta":{"_acf_changed":false,"_seopress_robots_primary_cat":"","_seopress_titles_title":"Casinoguider - L\u00e4s v\u00e5ra guider och f\u00e5 b\u00e4sta casino tips 2026","_seopress_titles_desc":"H\u00e4r hittar du spelguider, bonusguider, casinoguider; kort och gott alla guider du beh\u00f6ver f\u00f6r att f\u00f6rst\u00e5 och komma ig\u00e5ng med casino. L\u00e4s mer.","_seopress_robots_index":"","footnotes":""},"acf":[],"_links":{"self":[{"href":"https:\/\/www.casinowings.com\/se\/wp-json\/wp\/v2\/pages\/151356"}],"collection":[{"href":"https:\/\/www.casinowings.com\/se\/wp-json\/wp\/v2\/pages"}],"about":[{"href":"https:\/\/www.casinowings.com\/se\/wp-json\/wp\/v2\/types\/page"}],"author":[{"embeddable":true,"href":"https:\/\/www.casinowings.com\/se\/wp-json\/wp\/v2\/users\/15"}],"replies":[{"embeddable":true,"href":"https:\/\/www.casinowings.com\/se\/wp-json\/wp\/v2\/comments?post=151356"}],"version-history":[{"count":1,"href":"https:\/\/www.casinowings.com\/se\/wp-json\/wp\/v2\/pages\/151356\/revisions"}],"predecessor-version":[{"id":151467,"href":"https:\/\/www.casinowings.com\/se\/wp-json\/wp\/v2\/pages\/151356\/revisions\/151467"}],"wp:attachment":[{"href":"https:\/\/www.casinowings.com\/se\/wp-json\/wp\/v2\/media?parent=151356"}],"curies":[{"name":"wp","href":"https:\/\/api.w.org\/{rel}","templated":true}]}}