{"id":151357,"date":"2025-01-31T11:39:02","date_gmt":"2025-01-31T10:39:02","guid":{"rendered":"https:\/\/www.casinowings.com\/se\/nyborjare\/"},"modified":"2026-03-06T13:06:03","modified_gmt":"2026-03-06T12:06:03","slug":"nyborjare","status":"publish","type":"page","link":"https:\/\/www.casinowings.com\/se\/guide\/nyborjare\/","title":{"rendered":"Casinoguide f\u00f6r nyb\u00f6rjare: Undvik misstag och kom ig\u00e5ng s\u00e4kert"},"content":{"rendered":"","protected":false},"excerpt":{"rendered":"","protected":false},"author":15,"featured_media":0,"parent":151356,"menu_order":0,"comment_status":"closed","ping_status":"closed","template":"","meta":{"_acf_changed":false,"_seopress_robots_primary_cat":"","_seopress_titles_title":"Casinoguide f\u00f6r nyb\u00f6rjare - S\u00e4ker start & b\u00e4sta tipsen","_seopress_titles_desc":"Ny p\u00e5 casino? V\u00e5r guide hj\u00e4lper dig att undvika misstag och komma ig\u00e5ng tryggt. L\u00e4r dig hur du skapar konto, g\u00f6r ins\u00e4ttningar och v\u00e4ljer r\u00e4tt spel \u2013 b\u00f6rja spela s\u00e4kert idag!","_seopress_robots_index":"","footnotes":""},"acf":[],"_links":{"self":[{"href":"https:\/\/www.casinowings.com\/se\/wp-json\/wp\/v2\/pages\/151357"}],"collection":[{"href":"https:\/\/www.casinowings.com\/se\/wp-json\/wp\/v2\/pages"}],"about":[{"href":"https:\/\/www.casinowings.com\/se\/wp-json\/wp\/v2\/types\/page"}],"author":[{"embeddable":true,"href":"https:\/\/www.casinowings.com\/se\/wp-json\/wp\/v2\/users\/15"}],"replies":[{"embeddable":true,"href":"https:\/\/www.casinowings.com\/se\/wp-json\/wp\/v2\/comments?post=151357"}],"version-history":[{"count":4,"href":"https:\/\/www.casinowings.com\/se\/wp-json\/wp\/v2\/pages\/151357\/revisions"}],"predecessor-version":[{"id":151778,"href":"https:\/\/www.casinowings.com\/se\/wp-json\/wp\/v2\/pages\/151357\/revisions\/151778"}],"up":[{"embeddable":true,"href":"https:\/\/www.casinowings.com\/se\/wp-json\/wp\/v2\/pages\/151356"}],"wp:attachment":[{"href":"https:\/\/www.casinowings.com\/se\/wp-json\/wp\/v2\/media?parent=151357"}],"curies":[{"name":"wp","href":"https:\/\/api.w.org\/{rel}","templated":true}]}}