{"id":151359,"date":"2025-01-09T08:10:54","date_gmt":"2025-01-09T07:10:54","guid":{"rendered":"https:\/\/www.casinowings.com\/se\/hur-vi-betygsatter-casinon\/"},"modified":"2026-02-19T10:55:57","modified_gmt":"2026-02-19T09:55:57","slug":"hur-vi-betygsatter-casinon","status":"publish","type":"page","link":"https:\/\/www.casinowings.com\/se\/hur-vi-betygsatter-casinon\/","title":{"rendered":"Hur vi betygs\u00e4tter casinon:V\u00e5ra kriterier f\u00f6r recensioner f\u00f6rklarade"},"content":{"rendered":"","protected":false},"excerpt":{"rendered":"","protected":false},"author":16,"featured_media":0,"parent":0,"menu_order":0,"comment_status":"closed","ping_status":"closed","template":"","meta":{"_acf_changed":false,"_seopress_robots_primary_cat":"","_seopress_titles_title":"Hur vi betygs\u00e4tter online casinon - V\u00e5ra kriterier f\u00f6r recensioner","_seopress_titles_desc":"Opartiska och transparenta recensioner: v\u00e5ra experter granskar bonusar, spelutbud, betalningar, licens och kundsupport \u2014 l\u00e4s mer h\u00e4r.","_seopress_robots_index":"","footnotes":""},"acf":[],"_links":{"self":[{"href":"https:\/\/www.casinowings.com\/se\/wp-json\/wp\/v2\/pages\/151359"}],"collection":[{"href":"https:\/\/www.casinowings.com\/se\/wp-json\/wp\/v2\/pages"}],"about":[{"href":"https:\/\/www.casinowings.com\/se\/wp-json\/wp\/v2\/types\/page"}],"author":[{"embeddable":true,"href":"https:\/\/www.casinowings.com\/se\/wp-json\/wp\/v2\/users\/16"}],"replies":[{"embeddable":true,"href":"https:\/\/www.casinowings.com\/se\/wp-json\/wp\/v2\/comments?post=151359"}],"version-history":[{"count":1,"href":"https:\/\/www.casinowings.com\/se\/wp-json\/wp\/v2\/pages\/151359\/revisions"}],"predecessor-version":[{"id":151468,"href":"https:\/\/www.casinowings.com\/se\/wp-json\/wp\/v2\/pages\/151359\/revisions\/151468"}],"wp:attachment":[{"href":"https:\/\/www.casinowings.com\/se\/wp-json\/wp\/v2\/media?parent=151359"}],"curies":[{"name":"wp","href":"https:\/\/api.w.org\/{rel}","templated":true}]}}