{"id":151361,"date":"2019-04-29T13:40:02","date_gmt":"2019-04-29T11:40:02","guid":{"rendered":"https:\/\/www.casinowings.com\/se\/insattningsbonus\/"},"modified":"2026-03-06T14:00:00","modified_gmt":"2026-03-06T13:00:00","slug":"insattningsbonus","status":"publish","type":"page","link":"https:\/\/www.casinowings.com\/se\/insattningsbonus\/","title":{"rendered":"Ins\u00e4ttningsbonus:J\u00e4mf\u00f6r n\u00e4tets b\u00e4sta ins\u00e4ttningsbonusar"},"content":{"rendered":"","protected":false},"excerpt":{"rendered":"","protected":false},"author":15,"featured_media":0,"parent":0,"menu_order":0,"comment_status":"closed","ping_status":"closed","template":"","meta":{"_acf_changed":false,"_seopress_robots_primary_cat":"","_seopress_titles_title":"Ins\u00e4ttningsbonus 2026 - S\u00e5 v\u00e4ljer du r\u00e4tt bonus","_seopress_titles_desc":"Vi p\u00e5 CasinoWings hj\u00e4lper dig hitta ins\u00e4ttningsbonus p\u00e5 svenska licens\u00adcasinon. F\u00f6rst\u00e5 villkoren, hitta r\u00e4tt erbjudande och spela tryggt.","_seopress_robots_index":"","footnotes":""},"acf":[],"_links":{"self":[{"href":"https:\/\/www.casinowings.com\/se\/wp-json\/wp\/v2\/pages\/151361"}],"collection":[{"href":"https:\/\/www.casinowings.com\/se\/wp-json\/wp\/v2\/pages"}],"about":[{"href":"https:\/\/www.casinowings.com\/se\/wp-json\/wp\/v2\/types\/page"}],"author":[{"embeddable":true,"href":"https:\/\/www.casinowings.com\/se\/wp-json\/wp\/v2\/users\/15"}],"replies":[{"embeddable":true,"href":"https:\/\/www.casinowings.com\/se\/wp-json\/wp\/v2\/comments?post=151361"}],"version-history":[{"count":3,"href":"https:\/\/www.casinowings.com\/se\/wp-json\/wp\/v2\/pages\/151361\/revisions"}],"predecessor-version":[{"id":151842,"href":"https:\/\/www.casinowings.com\/se\/wp-json\/wp\/v2\/pages\/151361\/revisions\/151842"}],"wp:attachment":[{"href":"https:\/\/www.casinowings.com\/se\/wp-json\/wp\/v2\/media?parent=151361"}],"curies":[{"name":"wp","href":"https:\/\/api.w.org\/{rel}","templated":true}]}}