{"id":151362,"date":"2025-01-09T14:20:23","date_gmt":"2025-01-09T13:20:23","guid":{"rendered":"https:\/\/www.casinowings.com\/se\/jobba-pa-casinowings\/"},"modified":"2026-02-19T10:56:02","modified_gmt":"2026-02-19T09:56:02","slug":"jobba-pa-casinowings","status":"publish","type":"page","link":"https:\/\/www.casinowings.com\/se\/jobba-pa-casinowings\/","title":{"rendered":"Jobba p\u00e5 CasinoWings"},"content":{"rendered":"","protected":false},"excerpt":{"rendered":"","protected":false},"author":17,"featured_media":0,"parent":0,"menu_order":0,"comment_status":"closed","ping_status":"closed","template":"","meta":{"_acf_changed":false,"_seopress_robots_primary_cat":"","_seopress_titles_title":"Jobba p\u00e5 CasinoWings - Se v\u00e5ra lediga tj\u00e4nster","_seopress_titles_desc":"Vill du bli en del av CasinoWings teamet? Se v\u00e5ra lediga tj\u00e4nster eller skicka in en spontanans\u00f6kan. Vi ser fram emot att h\u00f6ra av dig! L\u00e4s mer.","_seopress_robots_index":"","footnotes":""},"acf":[],"_links":{"self":[{"href":"https:\/\/www.casinowings.com\/se\/wp-json\/wp\/v2\/pages\/151362"}],"collection":[{"href":"https:\/\/www.casinowings.com\/se\/wp-json\/wp\/v2\/pages"}],"about":[{"href":"https:\/\/www.casinowings.com\/se\/wp-json\/wp\/v2\/types\/page"}],"author":[{"embeddable":true,"href":"https:\/\/www.casinowings.com\/se\/wp-json\/wp\/v2\/users\/17"}],"replies":[{"embeddable":true,"href":"https:\/\/www.casinowings.com\/se\/wp-json\/wp\/v2\/comments?post=151362"}],"version-history":[{"count":1,"href":"https:\/\/www.casinowings.com\/se\/wp-json\/wp\/v2\/pages\/151362\/revisions"}],"predecessor-version":[{"id":151471,"href":"https:\/\/www.casinowings.com\/se\/wp-json\/wp\/v2\/pages\/151362\/revisions\/151471"}],"wp:attachment":[{"href":"https:\/\/www.casinowings.com\/se\/wp-json\/wp\/v2\/media?parent=151362"}],"curies":[{"name":"wp","href":"https:\/\/api.w.org\/{rel}","templated":true}]}}