{"id":151363,"date":"2026-02-17T15:28:10","date_gmt":"2026-02-17T14:28:10","guid":{"rendered":"https:\/\/www.casinowings.com\/se\/kontakta-oss\/"},"modified":"2026-02-19T10:56:03","modified_gmt":"2026-02-19T09:56:03","slug":"kontakta-oss","status":"publish","type":"page","link":"https:\/\/www.casinowings.com\/se\/kontakta-oss\/","title":{"rendered":"Kontakta oss p\u00e5 CasinoWings"},"content":{"rendered":"","protected":false},"excerpt":{"rendered":"","protected":false},"author":17,"featured_media":0,"parent":0,"menu_order":0,"comment_status":"closed","ping_status":"closed","template":"","meta":{"_acf_changed":false,"_seopress_robots_primary_cat":"","_seopress_titles_title":"Kontakta CasinoWings - Maila oss om du har n\u00e5gon fr\u00e5ga","_seopress_titles_desc":"H\u00e4r kan du enkelt kontakta teamet bakom CasinoWings. Kontakta oss om du har n\u00e5gon fr\u00e5ga om spelbolag eller om du vill diskutera ett samarbete.","_seopress_robots_index":"","footnotes":""},"acf":[],"_links":{"self":[{"href":"https:\/\/www.casinowings.com\/se\/wp-json\/wp\/v2\/pages\/151363"}],"collection":[{"href":"https:\/\/www.casinowings.com\/se\/wp-json\/wp\/v2\/pages"}],"about":[{"href":"https:\/\/www.casinowings.com\/se\/wp-json\/wp\/v2\/types\/page"}],"author":[{"embeddable":true,"href":"https:\/\/www.casinowings.com\/se\/wp-json\/wp\/v2\/users\/17"}],"replies":[{"embeddable":true,"href":"https:\/\/www.casinowings.com\/se\/wp-json\/wp\/v2\/comments?post=151363"}],"version-history":[{"count":1,"href":"https:\/\/www.casinowings.com\/se\/wp-json\/wp\/v2\/pages\/151363\/revisions"}],"predecessor-version":[{"id":151472,"href":"https:\/\/www.casinowings.com\/se\/wp-json\/wp\/v2\/pages\/151363\/revisions\/151472"}],"wp:attachment":[{"href":"https:\/\/www.casinowings.com\/se\/wp-json\/wp\/v2\/media?parent=151363"}],"curies":[{"name":"wp","href":"https:\/\/api.w.org\/{rel}","templated":true}]}}