{"id":151364,"date":"2019-04-29T14:06:48","date_gmt":"2019-04-29T12:06:48","guid":{"rendered":"https:\/\/www.casinowings.com\/se\/live-casino\/"},"modified":"2026-03-06T12:41:35","modified_gmt":"2026-03-06T11:41:35","slug":"live-casino","status":"publish","type":"page","link":"https:\/\/www.casinowings.com\/se\/live-casino\/","title":{"rendered":"Live casino:Hitta Sveriges b\u00e4sta live casinon"},"content":{"rendered":"","protected":false},"excerpt":{"rendered":"","protected":false},"author":15,"featured_media":0,"parent":0,"menu_order":0,"comment_status":"closed","ping_status":"closed","template":"","meta":{"_acf_changed":false,"_seopress_robots_primary_cat":"","_seopress_titles_title":"Live casino 2026 - Hitta b\u00e4sta svenska live casino","_seopress_titles_desc":"Upplev live casino n\u00e4r det \u00e4r som b\u00e4st. CasinoWings har letat upp de allra b\u00e4sta live casinon i Sverige. L\u00e4s mer h\u00e4r och hitta live casino hos oss.","_seopress_robots_index":"","footnotes":""},"acf":[],"_links":{"self":[{"href":"https:\/\/www.casinowings.com\/se\/wp-json\/wp\/v2\/pages\/151364"}],"collection":[{"href":"https:\/\/www.casinowings.com\/se\/wp-json\/wp\/v2\/pages"}],"about":[{"href":"https:\/\/www.casinowings.com\/se\/wp-json\/wp\/v2\/types\/page"}],"author":[{"embeddable":true,"href":"https:\/\/www.casinowings.com\/se\/wp-json\/wp\/v2\/users\/15"}],"replies":[{"embeddable":true,"href":"https:\/\/www.casinowings.com\/se\/wp-json\/wp\/v2\/comments?post=151364"}],"version-history":[{"count":2,"href":"https:\/\/www.casinowings.com\/se\/wp-json\/wp\/v2\/pages\/151364\/revisions"}],"predecessor-version":[{"id":151764,"href":"https:\/\/www.casinowings.com\/se\/wp-json\/wp\/v2\/pages\/151364\/revisions\/151764"}],"wp:attachment":[{"href":"https:\/\/www.casinowings.com\/se\/wp-json\/wp\/v2\/media?parent=151364"}],"curies":[{"name":"wp","href":"https:\/\/api.w.org\/{rel}","templated":true}]}}