{"id":151365,"date":"2019-04-29T14:30:02","date_gmt":"2019-04-29T12:30:02","guid":{"rendered":"https:\/\/www.casinowings.com\/se\/mobilcasino\/"},"modified":"2026-03-06T12:44:27","modified_gmt":"2026-03-06T11:44:27","slug":"mobilcasino","status":"publish","type":"page","link":"https:\/\/www.casinowings.com\/se\/mobilcasino\/","title":{"rendered":"Mobilcasino:Spela p\u00e5 n\u00e4tets b\u00e4sta mobilcasinon"},"content":{"rendered":"","protected":false},"excerpt":{"rendered":"","protected":false},"author":15,"featured_media":0,"parent":0,"menu_order":0,"comment_status":"closed","ping_status":"closed","template":"","meta":{"_acf_changed":false,"_seopress_robots_primary_cat":"","_seopress_titles_title":"Mobilcasino 2025 - Uppt\u00e4ck n\u00e4tets b\u00e4sta mobilcasinon","_seopress_titles_desc":"Spela smidigt var du vill \u2013 vi listar de b\u00e4sta mobilcasinon med snabba uttag, grymma appar, stort spelutbud och betalningar du kan lita p\u00e5.","_seopress_robots_index":"","footnotes":""},"acf":[],"_links":{"self":[{"href":"https:\/\/www.casinowings.com\/se\/wp-json\/wp\/v2\/pages\/151365"}],"collection":[{"href":"https:\/\/www.casinowings.com\/se\/wp-json\/wp\/v2\/pages"}],"about":[{"href":"https:\/\/www.casinowings.com\/se\/wp-json\/wp\/v2\/types\/page"}],"author":[{"embeddable":true,"href":"https:\/\/www.casinowings.com\/se\/wp-json\/wp\/v2\/users\/15"}],"replies":[{"embeddable":true,"href":"https:\/\/www.casinowings.com\/se\/wp-json\/wp\/v2\/comments?post=151365"}],"version-history":[{"count":2,"href":"https:\/\/www.casinowings.com\/se\/wp-json\/wp\/v2\/pages\/151365\/revisions"}],"predecessor-version":[{"id":151766,"href":"https:\/\/www.casinowings.com\/se\/wp-json\/wp\/v2\/pages\/151365\/revisions\/151766"}],"wp:attachment":[{"href":"https:\/\/www.casinowings.com\/se\/wp-json\/wp\/v2\/media?parent=151365"}],"curies":[{"name":"wp","href":"https:\/\/api.w.org\/{rel}","templated":true}]}}