{"id":151368,"date":"2019-04-29T14:56:07","date_gmt":"2019-04-29T12:56:07","guid":{"rendered":"https:\/\/www.casinowings.com\/se\/natcasino\/"},"modified":"2026-03-06T12:24:34","modified_gmt":"2026-03-06T11:24:34","slug":"natcasino","status":"publish","type":"page","link":"https:\/\/www.casinowings.com\/se\/natcasino\/","title":{"rendered":"N\u00e4tcasino"},"content":{"rendered":"","protected":false},"excerpt":{"rendered":"","protected":false},"author":15,"featured_media":0,"parent":0,"menu_order":0,"comment_status":"closed","ping_status":"closed","template":"","meta":{"_acf_changed":false,"_seopress_robots_primary_cat":"","_seopress_titles_title":"N\u00e4tcasino - Hitta alla b\u00e4sta svenska n\u00e4tcasinon 2026","_seopress_titles_desc":"Vi ger dig en aktuell lista med Sveriges b\u00e4sta n\u00e4tcasinon. Filtrera enkelt sj\u00e4lv och hitta ett tryggt n\u00e4tcasino p\u00e5 n\u00e4tet, efter dina \u00f6nskem\u00e5l.","_seopress_robots_index":"","footnotes":""},"acf":[],"_links":{"self":[{"href":"https:\/\/www.casinowings.com\/se\/wp-json\/wp\/v2\/pages\/151368"}],"collection":[{"href":"https:\/\/www.casinowings.com\/se\/wp-json\/wp\/v2\/pages"}],"about":[{"href":"https:\/\/www.casinowings.com\/se\/wp-json\/wp\/v2\/types\/page"}],"author":[{"embeddable":true,"href":"https:\/\/www.casinowings.com\/se\/wp-json\/wp\/v2\/users\/15"}],"replies":[{"embeddable":true,"href":"https:\/\/www.casinowings.com\/se\/wp-json\/wp\/v2\/comments?post=151368"}],"version-history":[{"count":2,"href":"https:\/\/www.casinowings.com\/se\/wp-json\/wp\/v2\/pages\/151368\/revisions"}],"predecessor-version":[{"id":151751,"href":"https:\/\/www.casinowings.com\/se\/wp-json\/wp\/v2\/pages\/151368\/revisions\/151751"}],"wp:attachment":[{"href":"https:\/\/www.casinowings.com\/se\/wp-json\/wp\/v2\/media?parent=151368"}],"curies":[{"name":"wp","href":"https:\/\/api.w.org\/{rel}","templated":true}]}}