{"id":151369,"date":"2026-02-17T15:28:23","date_gmt":"2026-02-17T14:28:23","guid":{"rendered":"https:\/\/www.casinowings.com\/se\/netent-2\/"},"modified":"2026-02-19T10:56:13","modified_gmt":"2026-02-19T09:56:13","slug":"netent-2","status":"publish","type":"page","link":"https:\/\/www.casinowings.com\/se\/netent-2\/","title":{"rendered":"NetEnt Casino:J\u00e4mf\u00f6r b\u00e4sta NetEnt casinon, slots &#038; spel"},"content":{"rendered":"","protected":false},"excerpt":{"rendered":"","protected":false},"author":16,"featured_media":0,"parent":0,"menu_order":0,"comment_status":"closed","ping_status":"closed","template":"","meta":{"_acf_changed":false,"_seopress_robots_primary_cat":"","_seopress_titles_title":"NetEnt Casino | Spela p\u00e5 b\u00e4sta NetEnt casinon 2026 h\u00e4r!","_seopress_titles_desc":"Vi har samlat alla Netent-casinon p\u00e5 ett och samma st\u00e4lle. L\u00e4s mer om Netent och de allra senaste bonusarna samt spelen de erbjuder!","_seopress_robots_index":"","footnotes":""},"acf":[],"_links":{"self":[{"href":"https:\/\/www.casinowings.com\/se\/wp-json\/wp\/v2\/pages\/151369"}],"collection":[{"href":"https:\/\/www.casinowings.com\/se\/wp-json\/wp\/v2\/pages"}],"about":[{"href":"https:\/\/www.casinowings.com\/se\/wp-json\/wp\/v2\/types\/page"}],"author":[{"embeddable":true,"href":"https:\/\/www.casinowings.com\/se\/wp-json\/wp\/v2\/users\/16"}],"replies":[{"embeddable":true,"href":"https:\/\/www.casinowings.com\/se\/wp-json\/wp\/v2\/comments?post=151369"}],"version-history":[{"count":1,"href":"https:\/\/www.casinowings.com\/se\/wp-json\/wp\/v2\/pages\/151369\/revisions"}],"predecessor-version":[{"id":151476,"href":"https:\/\/www.casinowings.com\/se\/wp-json\/wp\/v2\/pages\/151369\/revisions\/151476"}],"wp:attachment":[{"href":"https:\/\/www.casinowings.com\/se\/wp-json\/wp\/v2\/media?parent=151369"}],"curies":[{"name":"wp","href":"https:\/\/api.w.org\/{rel}","templated":true}]}}