{"id":151370,"date":"2025-01-03T07:57:50","date_gmt":"2025-01-03T06:57:50","guid":{"rendered":"https:\/\/www.casinowings.com\/se\/no-sticky-bonus\/"},"modified":"2026-03-06T13:03:29","modified_gmt":"2026-03-06T12:03:29","slug":"no-sticky-bonus","status":"publish","type":"page","link":"https:\/\/www.casinowings.com\/se\/no-sticky-bonus\/","title":{"rendered":"No sticky bonus"},"content":{"rendered":"","protected":false},"excerpt":{"rendered":"","protected":false},"author":15,"featured_media":0,"parent":0,"menu_order":0,"comment_status":"closed","ping_status":"closed","template":"","meta":{"_acf_changed":false,"_seopress_robots_primary_cat":"","_seopress_titles_title":"No Sticky Bonus \u2013 Allt du beh\u00f6ver veta om bonusen 2026","_seopress_titles_desc":"Uppt\u00e4ck f\u00f6rdelarna med no sticky bonus: spela med insatta pengar f\u00f6rst och ta ut vinster utan kr\u00e5ngel. L\u00e4r dig hur det fungerar och hitta b\u00e4sta casinon.","_seopress_robots_index":"","footnotes":""},"acf":[],"_links":{"self":[{"href":"https:\/\/www.casinowings.com\/se\/wp-json\/wp\/v2\/pages\/151370"}],"collection":[{"href":"https:\/\/www.casinowings.com\/se\/wp-json\/wp\/v2\/pages"}],"about":[{"href":"https:\/\/www.casinowings.com\/se\/wp-json\/wp\/v2\/types\/page"}],"author":[{"embeddable":true,"href":"https:\/\/www.casinowings.com\/se\/wp-json\/wp\/v2\/users\/15"}],"replies":[{"embeddable":true,"href":"https:\/\/www.casinowings.com\/se\/wp-json\/wp\/v2\/comments?post=151370"}],"version-history":[{"count":3,"href":"https:\/\/www.casinowings.com\/se\/wp-json\/wp\/v2\/pages\/151370\/revisions"}],"predecessor-version":[{"id":151774,"href":"https:\/\/www.casinowings.com\/se\/wp-json\/wp\/v2\/pages\/151370\/revisions\/151774"}],"wp:attachment":[{"href":"https:\/\/www.casinowings.com\/se\/wp-json\/wp\/v2\/media?parent=151370"}],"curies":[{"name":"wp","href":"https:\/\/api.w.org\/{rel}","templated":true}]}}