{"id":151371,"date":"2026-02-17T15:28:28","date_gmt":"2026-02-17T14:28:28","guid":{"rendered":"https:\/\/www.casinowings.com\/se\/om-casino-wings\/"},"modified":"2026-02-19T10:56:16","modified_gmt":"2026-02-19T09:56:16","slug":"om-casino-wings","status":"publish","type":"page","link":"https:\/\/www.casinowings.com\/se\/om-casino-wings\/","title":{"rendered":"Om oss p\u00e5 CasinoWings"},"content":{"rendered":"","protected":false},"excerpt":{"rendered":"","protected":false},"author":17,"featured_media":0,"parent":0,"menu_order":0,"comment_status":"closed","ping_status":"closed","template":"","meta":{"_acf_changed":false,"_seopress_robots_primary_cat":"","_seopress_titles_title":"Om CasinoWings - Vilka \u00e4r vi?","_seopress_titles_desc":"H\u00e4r hittar du all information om oss bakom CasinoWings. Historien bakom starten och vilka vi som arbetar med sajten \u00e4r. V\u00e4lkommen in i v\u00e4rmen!","_seopress_robots_index":"","footnotes":""},"acf":[],"_links":{"self":[{"href":"https:\/\/www.casinowings.com\/se\/wp-json\/wp\/v2\/pages\/151371"}],"collection":[{"href":"https:\/\/www.casinowings.com\/se\/wp-json\/wp\/v2\/pages"}],"about":[{"href":"https:\/\/www.casinowings.com\/se\/wp-json\/wp\/v2\/types\/page"}],"author":[{"embeddable":true,"href":"https:\/\/www.casinowings.com\/se\/wp-json\/wp\/v2\/users\/17"}],"replies":[{"embeddable":true,"href":"https:\/\/www.casinowings.com\/se\/wp-json\/wp\/v2\/comments?post=151371"}],"version-history":[{"count":1,"href":"https:\/\/www.casinowings.com\/se\/wp-json\/wp\/v2\/pages\/151371\/revisions"}],"predecessor-version":[{"id":151478,"href":"https:\/\/www.casinowings.com\/se\/wp-json\/wp\/v2\/pages\/151371\/revisions\/151478"}],"wp:attachment":[{"href":"https:\/\/www.casinowings.com\/se\/wp-json\/wp\/v2\/media?parent=151371"}],"curies":[{"name":"wp","href":"https:\/\/api.w.org\/{rel}","templated":true}]}}