{"id":151377,"date":"2019-05-02T15:53:22","date_gmt":"2019-05-02T13:53:22","guid":{"rendered":"https:\/\/www.casinowings.com\/se\/rtp\/"},"modified":"2026-02-19T10:56:25","modified_gmt":"2026-02-19T09:56:25","slug":"rtp","status":"publish","type":"page","link":"https:\/\/www.casinowings.com\/se\/rtp\/","title":{"rendered":"RTP (Return To Player) n\u00e4r du spelar online"},"content":{"rendered":"","protected":false},"excerpt":{"rendered":"","protected":false},"author":17,"featured_media":0,"parent":0,"menu_order":0,"comment_status":"closed","ping_status":"closed","template":"","meta":{"_acf_changed":false,"_seopress_robots_primary_cat":"","_seopress_titles_title":"RTP-kalkylator (Return To Player) - Casino Wings","_seopress_titles_desc":"Unik och kostnadsfri RTP-kalkylator f\u00f6r dig som spelar p\u00e5 casino. R\u00e4kna enkelt ut din RTP (Return To Player) direkt p\u00e5 sk\u00e4rmen.","_seopress_robots_index":"","footnotes":""},"acf":[],"_links":{"self":[{"href":"https:\/\/www.casinowings.com\/se\/wp-json\/wp\/v2\/pages\/151377"}],"collection":[{"href":"https:\/\/www.casinowings.com\/se\/wp-json\/wp\/v2\/pages"}],"about":[{"href":"https:\/\/www.casinowings.com\/se\/wp-json\/wp\/v2\/types\/page"}],"author":[{"embeddable":true,"href":"https:\/\/www.casinowings.com\/se\/wp-json\/wp\/v2\/users\/17"}],"replies":[{"embeddable":true,"href":"https:\/\/www.casinowings.com\/se\/wp-json\/wp\/v2\/comments?post=151377"}],"version-history":[{"count":1,"href":"https:\/\/www.casinowings.com\/se\/wp-json\/wp\/v2\/pages\/151377\/revisions"}],"predecessor-version":[{"id":151482,"href":"https:\/\/www.casinowings.com\/se\/wp-json\/wp\/v2\/pages\/151377\/revisions\/151482"}],"wp:attachment":[{"href":"https:\/\/www.casinowings.com\/se\/wp-json\/wp\/v2\/media?parent=151377"}],"curies":[{"name":"wp","href":"https:\/\/api.w.org\/{rel}","templated":true}]}}