{"id":151378,"date":"2019-05-03T10:53:42","date_gmt":"2019-05-03T08:53:42","guid":{"rendered":"https:\/\/www.casinowings.com\/se\/skattefria-casinon\/"},"modified":"2026-02-19T10:56:27","modified_gmt":"2026-02-19T09:56:27","slug":"skattefria-casinon","status":"publish","type":"page","link":"https:\/\/www.casinowings.com\/se\/skattefria-casinon\/","title":{"rendered":"Skattefria casinon:Hitta casinon med skattefria vinster 2026"},"content":{"rendered":"","protected":false},"excerpt":{"rendered":"","protected":false},"author":17,"featured_media":0,"parent":0,"menu_order":0,"comment_status":"closed","ping_status":"closed","template":"","meta":{"_acf_changed":false,"_seopress_robots_primary_cat":"","_seopress_titles_title":"Skattefria casinon - B\u00e4sta casino utan vinstskatt 2025","_seopress_titles_desc":"Vilka casinon \u00e4r skattefria? Vi ger dig svaret p\u00e5 fr\u00e5gan och listar alla skattefria casinon i Sverige!","_seopress_robots_index":"","footnotes":""},"acf":[],"_links":{"self":[{"href":"https:\/\/www.casinowings.com\/se\/wp-json\/wp\/v2\/pages\/151378"}],"collection":[{"href":"https:\/\/www.casinowings.com\/se\/wp-json\/wp\/v2\/pages"}],"about":[{"href":"https:\/\/www.casinowings.com\/se\/wp-json\/wp\/v2\/types\/page"}],"author":[{"embeddable":true,"href":"https:\/\/www.casinowings.com\/se\/wp-json\/wp\/v2\/users\/17"}],"replies":[{"embeddable":true,"href":"https:\/\/www.casinowings.com\/se\/wp-json\/wp\/v2\/comments?post=151378"}],"version-history":[{"count":1,"href":"https:\/\/www.casinowings.com\/se\/wp-json\/wp\/v2\/pages\/151378\/revisions"}],"predecessor-version":[{"id":151483,"href":"https:\/\/www.casinowings.com\/se\/wp-json\/wp\/v2\/pages\/151378\/revisions\/151483"}],"wp:attachment":[{"href":"https:\/\/www.casinowings.com\/se\/wp-json\/wp\/v2\/media?parent=151378"}],"curies":[{"name":"wp","href":"https:\/\/api.w.org\/{rel}","templated":true}]}}