{"id":151379,"date":"2019-05-03T11:01:12","date_gmt":"2019-05-03T09:01:12","guid":{"rendered":"https:\/\/www.casinowings.com\/se\/spela-ansvarsfullt\/"},"modified":"2026-02-19T10:56:28","modified_gmt":"2026-02-19T09:56:28","slug":"spela-ansvarsfullt","status":"publish","type":"page","link":"https:\/\/www.casinowings.com\/se\/spela-ansvarsfullt\/","title":{"rendered":"Ansvarsfullt spelande"},"content":{"rendered":"","protected":false},"excerpt":{"rendered":"","protected":false},"author":17,"featured_media":0,"parent":0,"menu_order":0,"comment_status":"closed","ping_status":"closed","template":"","meta":{"_acf_changed":false,"_seopress_robots_primary_cat":"","_seopress_titles_title":"Spela ansvarsfullt - L\u00e4r dig mer om hur du spelar s\u00e4kert p\u00e5 casino","_seopress_titles_desc":"H\u00e4r g\u00e5r vi igenom ett v\u00e4ldigt viktigt \u00e4mne, n\u00e4mligen sunt spel. Verktyg och information kring hur du kan spela ansvarsfullt - eller hj\u00e4lpa n\u00e5gon annan.","_seopress_robots_index":"","footnotes":""},"acf":[],"_links":{"self":[{"href":"https:\/\/www.casinowings.com\/se\/wp-json\/wp\/v2\/pages\/151379"}],"collection":[{"href":"https:\/\/www.casinowings.com\/se\/wp-json\/wp\/v2\/pages"}],"about":[{"href":"https:\/\/www.casinowings.com\/se\/wp-json\/wp\/v2\/types\/page"}],"author":[{"embeddable":true,"href":"https:\/\/www.casinowings.com\/se\/wp-json\/wp\/v2\/users\/17"}],"replies":[{"embeddable":true,"href":"https:\/\/www.casinowings.com\/se\/wp-json\/wp\/v2\/comments?post=151379"}],"version-history":[{"count":1,"href":"https:\/\/www.casinowings.com\/se\/wp-json\/wp\/v2\/pages\/151379\/revisions"}],"predecessor-version":[{"id":151484,"href":"https:\/\/www.casinowings.com\/se\/wp-json\/wp\/v2\/pages\/151379\/revisions\/151484"}],"wp:attachment":[{"href":"https:\/\/www.casinowings.com\/se\/wp-json\/wp\/v2\/media?parent=151379"}],"curies":[{"name":"wp","href":"https:\/\/api.w.org\/{rel}","templated":true}]}}