{"id":151380,"date":"2019-08-20T11:02:45","date_gmt":"2019-08-20T09:02:45","guid":{"rendered":"https:\/\/www.casinowings.com\/se\/spelinspektionen\/"},"modified":"2026-02-19T10:56:30","modified_gmt":"2026-02-19T09:56:30","slug":"spelinspektionen","status":"publish","type":"page","link":"https:\/\/www.casinowings.com\/se\/spelinspektionen\/","title":{"rendered":"Spelinspektionen \u2013 F\u00f6r en tryggare spelmarknad i Sverige"},"content":{"rendered":"","protected":false},"excerpt":{"rendered":"","protected":false},"author":17,"featured_media":0,"parent":0,"menu_order":0,"comment_status":"closed","ping_status":"closed","template":"","meta":{"_acf_changed":false,"_seopress_robots_primary_cat":"","_seopress_titles_title":"Spelinspektionen - Allt om myndigheten och den svenska spellagen","_seopress_titles_desc":"Spelinspektionen \u00e4r en svensk myndighet reglerar den svenska spellagen. I den h\u00e4r artikeln g\u00e5r vi igenom hur Spelinspektionen och den spellagen fungerar.","_seopress_robots_index":"","footnotes":""},"acf":[],"_links":{"self":[{"href":"https:\/\/www.casinowings.com\/se\/wp-json\/wp\/v2\/pages\/151380"}],"collection":[{"href":"https:\/\/www.casinowings.com\/se\/wp-json\/wp\/v2\/pages"}],"about":[{"href":"https:\/\/www.casinowings.com\/se\/wp-json\/wp\/v2\/types\/page"}],"author":[{"embeddable":true,"href":"https:\/\/www.casinowings.com\/se\/wp-json\/wp\/v2\/users\/17"}],"replies":[{"embeddable":true,"href":"https:\/\/www.casinowings.com\/se\/wp-json\/wp\/v2\/comments?post=151380"}],"version-history":[{"count":1,"href":"https:\/\/www.casinowings.com\/se\/wp-json\/wp\/v2\/pages\/151380\/revisions"}],"predecessor-version":[{"id":151485,"href":"https:\/\/www.casinowings.com\/se\/wp-json\/wp\/v2\/pages\/151380\/revisions\/151485"}],"wp:attachment":[{"href":"https:\/\/www.casinowings.com\/se\/wp-json\/wp\/v2\/media?parent=151380"}],"curies":[{"name":"wp","href":"https:\/\/api.w.org\/{rel}","templated":true}]}}