{"id":151381,"date":"2025-07-01T10:19:58","date_gmt":"2025-07-01T08:19:58","guid":{"rendered":"https:\/\/www.casinowings.com\/se\/spelpaus\/"},"modified":"2026-02-19T10:56:32","modified_gmt":"2026-02-19T09:56:32","slug":"spelpaus","status":"publish","type":"page","link":"https:\/\/www.casinowings.com\/se\/spelpaus\/","title":{"rendered":"Spelpaus:S\u00e5 st\u00e4nger du av dig sj\u00e4lv fr\u00e5n spel"},"content":{"rendered":"","protected":false},"excerpt":{"rendered":"","protected":false},"author":17,"featured_media":0,"parent":0,"menu_order":0,"comment_status":"closed","ping_status":"closed","template":"","meta":{"_acf_changed":false,"_seopress_robots_primary_cat":"","_seopress_titles_title":"Spelpaus - Avst\u00e4ngningssystemet f\u00f6r spel hos svenska spelbolag","_seopress_titles_desc":"Spelpaus \u00e4r ett nationellt avst\u00e4ngningssystem d\u00e4r du kan sp\u00e4rra dig fr\u00e5n allt spel hos svenska spelbolag. L\u00e4s mer om tj\u00e4nsten h\u00e4r.","_seopress_robots_index":"","footnotes":""},"acf":[],"_links":{"self":[{"href":"https:\/\/www.casinowings.com\/se\/wp-json\/wp\/v2\/pages\/151381"}],"collection":[{"href":"https:\/\/www.casinowings.com\/se\/wp-json\/wp\/v2\/pages"}],"about":[{"href":"https:\/\/www.casinowings.com\/se\/wp-json\/wp\/v2\/types\/page"}],"author":[{"embeddable":true,"href":"https:\/\/www.casinowings.com\/se\/wp-json\/wp\/v2\/users\/17"}],"replies":[{"embeddable":true,"href":"https:\/\/www.casinowings.com\/se\/wp-json\/wp\/v2\/comments?post=151381"}],"version-history":[{"count":1,"href":"https:\/\/www.casinowings.com\/se\/wp-json\/wp\/v2\/pages\/151381\/revisions"}],"predecessor-version":[{"id":151486,"href":"https:\/\/www.casinowings.com\/se\/wp-json\/wp\/v2\/pages\/151381\/revisions\/151486"}],"wp:attachment":[{"href":"https:\/\/www.casinowings.com\/se\/wp-json\/wp\/v2\/media?parent=151381"}],"curies":[{"name":"wp","href":"https:\/\/api.w.org\/{rel}","templated":true}]}}