{"id":151382,"date":"2019-04-29T16:09:30","date_gmt":"2019-04-29T14:09:30","guid":{"rendered":"https:\/\/www.casinowings.com\/se\/svenska-casinon\/"},"modified":"2026-03-06T13:14:10","modified_gmt":"2026-03-06T12:14:10","slug":"svenska-casinon","status":"publish","type":"page","link":"https:\/\/www.casinowings.com\/se\/svenska-casinon\/","title":{"rendered":"B\u00e4sta svenska casinon i Sverige 2026:Din guide till svenska casinon online"},"content":{"rendered":"","protected":false},"excerpt":{"rendered":"","protected":false},"author":15,"featured_media":0,"parent":0,"menu_order":0,"comment_status":"closed","ping_status":"closed","template":"","meta":{"_acf_changed":false,"_seopress_robots_primary_cat":"","_seopress_titles_title":"Svenska Casinon 2026 \ud83c\udf96\ufe0f B\u00e4sta svenska n\u00e4tcasinon j\u00e4mf\u00f6rda","_seopress_titles_desc":"B\u00e4sta svenska casinon hittar du snabbt och enkelt hos oss. 100+ svenska casino sidor testade s\u00e5 att du enkelt kan j\u00e4mf\u00f6ra och v\u00e4lja sj\u00e4lv!","_seopress_robots_index":"","footnotes":""},"acf":[],"_links":{"self":[{"href":"https:\/\/www.casinowings.com\/se\/wp-json\/wp\/v2\/pages\/151382"}],"collection":[{"href":"https:\/\/www.casinowings.com\/se\/wp-json\/wp\/v2\/pages"}],"about":[{"href":"https:\/\/www.casinowings.com\/se\/wp-json\/wp\/v2\/types\/page"}],"author":[{"embeddable":true,"href":"https:\/\/www.casinowings.com\/se\/wp-json\/wp\/v2\/users\/15"}],"replies":[{"embeddable":true,"href":"https:\/\/www.casinowings.com\/se\/wp-json\/wp\/v2\/comments?post=151382"}],"version-history":[{"count":11,"href":"https:\/\/www.casinowings.com\/se\/wp-json\/wp\/v2\/pages\/151382\/revisions"}],"predecessor-version":[{"id":151783,"href":"https:\/\/www.casinowings.com\/se\/wp-json\/wp\/v2\/pages\/151382\/revisions\/151783"}],"wp:attachment":[{"href":"https:\/\/www.casinowings.com\/se\/wp-json\/wp\/v2\/media?parent=151382"}],"curies":[{"name":"wp","href":"https:\/\/api.w.org\/{rel}","templated":true}]}}