{"id":151724,"date":"2026-03-06T10:14:29","date_gmt":"2026-03-06T09:14:29","guid":{"rendered":"https:\/\/www.casinowings.com\/se\/?page_id=151724"},"modified":"2026-03-06T10:25:54","modified_gmt":"2026-03-06T09:25:54","slug":"forfattare","status":"publish","type":"page","link":"https:\/\/www.casinowings.com\/se\/forfattare\/","title":{"rendered":"F\u00f6rfattare &#8211; L\u00e4r k\u00e4nna oss som skriver p\u00e5 CasinoWings"},"content":{"rendered":"","protected":false},"excerpt":{"rendered":"","protected":false},"author":11,"featured_media":0,"parent":0,"menu_order":0,"comment_status":"closed","ping_status":"closed","template":"","meta":{"_acf_changed":false,"_seopress_robots_primary_cat":"","_seopress_titles_title":"F\u00f6rfattare - L\u00e4r k\u00e4nna oss som skriver p\u00e5 CasinoWings 2026","_seopress_titles_desc":"Vill du veta mer om oss som skapar inneh\u00e5llet p\u00e5 CasinoWings? F\u00f6lj l\u00e4nken och se vilka vi \u00e4r bakom tangentbordet.","_seopress_robots_index":"","footnotes":""},"acf":[],"_links":{"self":[{"href":"https:\/\/www.casinowings.com\/se\/wp-json\/wp\/v2\/pages\/151724"}],"collection":[{"href":"https:\/\/www.casinowings.com\/se\/wp-json\/wp\/v2\/pages"}],"about":[{"href":"https:\/\/www.casinowings.com\/se\/wp-json\/wp\/v2\/types\/page"}],"author":[{"embeddable":true,"href":"https:\/\/www.casinowings.com\/se\/wp-json\/wp\/v2\/users\/11"}],"replies":[{"embeddable":true,"href":"https:\/\/www.casinowings.com\/se\/wp-json\/wp\/v2\/comments?post=151724"}],"version-history":[{"count":2,"href":"https:\/\/www.casinowings.com\/se\/wp-json\/wp\/v2\/pages\/151724\/revisions"}],"predecessor-version":[{"id":151728,"href":"https:\/\/www.casinowings.com\/se\/wp-json\/wp\/v2\/pages\/151724\/revisions\/151728"}],"wp:attachment":[{"href":"https:\/\/www.casinowings.com\/se\/wp-json\/wp\/v2\/media?parent=151724"}],"curies":[{"name":"wp","href":"https:\/\/api.w.org\/{rel}","templated":true}]}}